{"id":227,"date":"2022-08-11T13:09:12","date_gmt":"2022-08-11T11:09:12","guid":{"rendered":"http:\/\/courage.mb-creations.de\/?page_id=227"},"modified":"2022-09-08T14:30:19","modified_gmt":"2022-09-08T12:30:19","slug":"schlosser","status":"publish","type":"page","link":"https:\/\/axel-courage.de\/index.php\/schlosser\/","title":{"rendered":"Schlosser"},"content":{"rendered":"<div id=\"pl-227\"  class=\"panel-layout\" ><div id=\"pg-227-0\"  class=\"panel-grid panel-no-style\" ><div id=\"pgc-227-0-0\"  class=\"panel-grid-cell\" ><div id=\"panel-227-0-0-0\" class=\"so-panel widget widget_text panel-first-child\" data-index=\"0\" >\t\t\t<div class=\"textwidget\"><\/div>\n\t\t<\/div><div id=\"panel-227-0-0-1\" class=\"so-panel widget widget_media_image panel-last-child\" data-index=\"1\" ><img loading=\"lazy\" decoding=\"async\" width=\"166\" height=\"660\" src=\"https:\/\/axel-courage.de\/wp-content\/uploads\/2022\/08\/s_left.png\" class=\"image wp-image-249  attachment-full size-full\" alt=\"\" style=\"max-width: 100%; height: auto;\" \/><\/div><\/div><div id=\"pgc-227-0-1\"  class=\"panel-grid-cell\" ><div id=\"panel-227-0-1-0\" class=\"so-panel widget widget_text panel-first-child\" data-index=\"2\" >\t\t\t<div class=\"textwidget\"><\/div>\n\t\t<\/div><div id=\"panel-227-0-1-1\" class=\"so-panel widget widget_text panel-last-child\" data-index=\"3\" >\t\t\t<div class=\"textwidget\"><p><strong>SCHLOSSEREI\u00a0<\/strong>ist der Bereich, zu dem mir jetzt eigentlich nichts einf\u00e4llt. Aber trotzdem bieten wir folgende Leistungen an:<\/p>\n<ul>\n<li><strong>Verzinken oder Pulvern von Stahlteilen<\/strong><\/li>\n<li><strong>moderne Balkongel\u00e4nder<\/strong><\/li>\n<li><strong>moderne Treppengel\u00e4nder<\/strong><\/li>\n<li><strong>Elektro Schwei\u00dfen<\/strong><\/li>\n<li><strong>Autogen Schwei\u00dfen<\/strong><\/li>\n<li><strong>Schutzgas Schwei\u00dfen<\/strong><\/li>\n<\/ul>\n<p>Auch in diesem Bereich k\u00f6nnen wir auf einen gro\u00dfen Erfahrungsschatz zur\u00fcckgreifen und werden auch f\u00fcr ihre Anforderungen eine L\u00f6sung finden.<\/p>\n<\/div>\n\t\t<\/div><\/div><div id=\"pgc-227-0-2\"  class=\"panel-grid-cell\" ><div id=\"panel-227-0-2-0\" class=\"so-panel widget widget_text panel-first-child\" data-index=\"4\" >\t\t\t<div class=\"textwidget\"><\/div>\n\t\t<\/div><div id=\"panel-227-0-2-1\" class=\"so-panel widget widget_media_image panel-last-child\" data-index=\"5\" ><img loading=\"lazy\" decoding=\"async\" width=\"166\" height=\"660\" src=\"https:\/\/axel-courage.de\/wp-content\/uploads\/2022\/08\/s_right.png\" class=\"image wp-image-250  attachment-full size-full\" alt=\"\" style=\"max-width: 100%; height: auto;\" \/><\/div><\/div><\/div><\/div>","protected":false},"excerpt":{"rendered":"<p>SCHLOSSEREI\u00a0ist der Bereich, zu dem mir jetzt eigentlich nichts einf\u00e4llt. Aber trotzdem bieten wir folgende Leistungen an: Verzinken oder Pulvern von Stahlteilen moderne Balkongel\u00e4nder moderne Treppengel\u00e4nder Elektro Schwei\u00dfen Autogen Schwei\u00dfen Schutzgas Schwei\u00dfen Auch in diesem Bereich k\u00f6nnen wir auf einen<\/p>\n","protected":false},"author":1,"featured_media":0,"parent":0,"menu_order":0,"comment_status":"closed","ping_status":"closed","template":"","meta":{"footnotes":""},"class_list":["post-227","page","type-page","status-publish","hentry"],"_links":{"self":[{"href":"https:\/\/axel-courage.de\/index.php\/wp-json\/wp\/v2\/pages\/227","targetHints":{"allow":["GET"]}}],"collection":[{"href":"https:\/\/axel-courage.de\/index.php\/wp-json\/wp\/v2\/pages"}],"about":[{"href":"https:\/\/axel-courage.de\/index.php\/wp-json\/wp\/v2\/types\/page"}],"author":[{"embeddable":true,"href":"https:\/\/axel-courage.de\/index.php\/wp-json\/wp\/v2\/users\/1"}],"replies":[{"embeddable":true,"href":"https:\/\/axel-courage.de\/index.php\/wp-json\/wp\/v2\/comments?post=227"}],"version-history":[{"count":2,"href":"https:\/\/axel-courage.de\/index.php\/wp-json\/wp\/v2\/pages\/227\/revisions"}],"predecessor-version":[{"id":286,"href":"https:\/\/axel-courage.de\/index.php\/wp-json\/wp\/v2\/pages\/227\/revisions\/286"}],"wp:attachment":[{"href":"https:\/\/axel-courage.de\/index.php\/wp-json\/wp\/v2\/media?parent=227"}],"curies":[{"name":"wp","href":"https:\/\/api.w.org\/{rel}","templated":true}]}}